{"id":6632,"date":"2025-08-20T17:08:38","date_gmt":"2025-08-20T14:08:38","guid":{"rendered":"https:\/\/akvagrup.com\/gold\/?page_id=6632"},"modified":"2025-08-20T17:21:04","modified_gmt":"2025-08-20T14:21:04","slug":"duyurular","status":"publish","type":"page","link":"https:\/\/akvagrup.com\/gold\/duyurular\/","title":{"rendered":"Duyurular"},"content":{"rendered":"\t\t<div data-elementor-type=\"wp-page\" data-elementor-id=\"6632\" class=\"elementor elementor-6632\">\n\t\t\t\t<div class=\"elementor-element elementor-element-f73a1b2 e-flex e-con-boxed e-con e-parent\" data-id=\"f73a1b2\" data-element_type=\"container\">\n\t\t\t\t\t<div class=\"e-con-inner\">\n\t\t\t\t<div class=\"elementor-element elementor-element-707ad42 elementor-widget elementor-widget-tfposts\" data-id=\"707ad42\" data-element_type=\"widget\" data-widget_type=\"tfposts.default\">\n\t\t\t\t<div class=\"elementor-widget-container\">\n\t\t\t\t\t\t\t\t<div id=\"tf-posts-707ad42\" class=\"tf-posts no-carousel column-3 tablet-column-1 mobile-column-1  \" data-tabid=\"707ad42\" >\r\n\t\t\t\t\t\t\t\t\t\t\t\t\t\t\t\t<div class=\"item\">\r\n\t\t\t\t\t\t\t\t<div class=\"entry blog-post \">\r\n\t\t\t\t\t\t\t\t\t\t<div class=\"featured-post\">\r\n\t\t\t\t\t\t\t\t\t\t\t<a href=\"https:\/\/akvagrup.com\/gold\/akva-gold-gayrimenkul-ile-sanal-ofis\/\">\r\n\t\t\t\t\t\t\t\t\t\t\t\t<img decoding=\"async\" src=\"https:\/\/akvagrup.com\/gold\/wp-content\/uploads\/2025\/08\/sanal-ofis-hizmeti-blog-525x296.jpg\" alt=\"image\">\t\t\t\t\t\t\t\t\t\t\t\t<span class=\"blog-plus\"><\/span>\r\n\t\t\t\t\t\t\t\t\t\t\t<\/a>\r\n\t\t\t\t\t\t\t\t\t\t\t\t<div class=\"meta-features\">\r\n\t\t\t\t\t\t\t\t\t\t\t\t\t\t\t\t\t\t\t\t\t\t\t\t\t\t\t\t<div class=\"post-meta meta-time\">\r\n\t\t\t\t\t\t\t\t\t\t\t\t\t\t\t<span>\r\n\t\t\t\t\t\t\t\t\t\t\t\t\t\t\t\tA\u011fu\t\t\t\t\t\t\t\t\t\t\t\t\t\t\t<\/span>\r\n\t\t\t\t\t\t\t\t\t\t\t\t\t\t<\/div>\r\n\t\t\t\t\t\t\t\t\t\t\t\t\t\t<div class=\"category-post\">\r\n\t\t\t\t\t\t\t\t\t\t\t\t\t\t\t\t\t\t\t\t\t\t\t\t\t\t\t\t\t\t\t<i aria-hidden=\"true\" class=\"icon-dreamhome-folder\"><\/i>\t\t\t\t\t\t\t\t\t\t\t\t\t\t\t\t\t\t\t\t\t\t\t\t\t\t\t\t\t\t<a href=\"https:\/\/akvagrup.com\/gold\/category\/duyuru\/\" rel=\"category tag\">Duyuru<\/a>\t\t\t\t\t\t\t\t\t\t\t\t\t\t<\/div>\r\n\t\t\t\t\t\t\t\t\t\t\t\t<\/div>\r\n\t\t\t\t\t\t\t\t\t\t<\/div>\r\n\t\t\t\t\t\t\t\t\t<div class=\"content\">\r\n\t\t\t\t\t\t\t\t\t\t\t<h3 class=\"title\"><a href=\"https:\/\/akvagrup.com\/gold\/akva-gold-gayrimenkul-ile-sanal-ofis\/\"\r\n\t\t\t\t\t\t\t\t\t\t\t\t\ttitle=\"Akva Gold Gayrimenkul ile Sanal Ofis Hizmeti\">Akva Gold Gayrimenkul ile Sanal Ofis Hizmeti<\/a><\/h3>\r\n\t\t\t\t\t\t\t\t\t\t\t\t\t\t\t\t\t\t\t<\/div>\r\n\t\t\t\t\t\t\t\t<\/div>\r\n\t\t\t\t\t\t\t<\/div>\r\n\t\t\t\t\t\t\t\t\t\t\t\t\t\t\t\t\t\t<div class=\"item\">\r\n\t\t\t\t\t\t\t\t<div class=\"entry blog-post \">\r\n\t\t\t\t\t\t\t\t\t\t<div class=\"featured-post\">\r\n\t\t\t\t\t\t\t\t\t\t\t<a href=\"https:\/\/akvagrup.com\/gold\/akva-gold-gayrimenkul-hizmete-basladi\/\">\r\n\t\t\t\t\t\t\t\t\t\t\t\t<img decoding=\"async\" src=\"https:\/\/akvagrup.com\/gold\/wp-content\/uploads\/2025\/08\/akvagold-hizmete-basladi-525x296.jpg\" alt=\"image\">\t\t\t\t\t\t\t\t\t\t\t\t<span class=\"blog-plus\"><\/span>\r\n\t\t\t\t\t\t\t\t\t\t\t<\/a>\r\n\t\t\t\t\t\t\t\t\t\t\t\t<div class=\"meta-features\">\r\n\t\t\t\t\t\t\t\t\t\t\t\t\t\t\t\t\t\t\t\t\t\t\t\t\t\t\t\t<div class=\"post-meta meta-time\">\r\n\t\t\t\t\t\t\t\t\t\t\t\t\t\t\t<span>\r\n\t\t\t\t\t\t\t\t\t\t\t\t\t\t\t\tA\u011fu\t\t\t\t\t\t\t\t\t\t\t\t\t\t\t<\/span>\r\n\t\t\t\t\t\t\t\t\t\t\t\t\t\t<\/div>\r\n\t\t\t\t\t\t\t\t\t\t\t\t\t\t<div class=\"category-post\">\r\n\t\t\t\t\t\t\t\t\t\t\t\t\t\t\t\t\t\t\t\t\t\t\t\t\t\t\t\t\t\t\t<i aria-hidden=\"true\" class=\"icon-dreamhome-folder\"><\/i>\t\t\t\t\t\t\t\t\t\t\t\t\t\t\t\t\t\t\t\t\t\t\t\t\t\t\t\t\t\t<a href=\"https:\/\/akvagrup.com\/gold\/category\/duyuru\/\" rel=\"category tag\">Duyuru<\/a>\t\t\t\t\t\t\t\t\t\t\t\t\t\t<\/div>\r\n\t\t\t\t\t\t\t\t\t\t\t\t<\/div>\r\n\t\t\t\t\t\t\t\t\t\t<\/div>\r\n\t\t\t\t\t\t\t\t\t<div class=\"content\">\r\n\t\t\t\t\t\t\t\t\t\t\t<h3 class=\"title\"><a href=\"https:\/\/akvagrup.com\/gold\/akva-gold-gayrimenkul-hizmete-basladi\/\"\r\n\t\t\t\t\t\t\t\t\t\t\t\t\ttitle=\"Akva Gold Gayrimenkul hizmete ba\u015flad\u0131!\">Akva Gold Gayrimenkul hizmete ba\u015flad\u0131!<\/a><\/h3>\r\n\t\t\t\t\t\t\t\t\t\t\t\t\t\t\t\t\t\t\t<\/div>\r\n\t\t\t\t\t\t\t\t<\/div>\r\n\t\t\t\t\t\t\t<\/div>\r\n\t\t\t\t\t\t\t\t\t\t\t\t\t\t\t\t\t\t<div class=\"item\">\r\n\t\t\t\t\t\t\t\t<div class=\"entry blog-post \">\r\n\t\t\t\t\t\t\t\t\t\t<div class=\"featured-post\">\r\n\t\t\t\t\t\t\t\t\t\t\t<a href=\"https:\/\/akvagrup.com\/gold\/akva-gold-gayrimenkul-bilgilendiriyor\/\">\r\n\t\t\t\t\t\t\t\t\t\t\t\t<img decoding=\"async\" src=\"https:\/\/akvagrup.com\/gold\/wp-content\/uploads\/2025\/08\/e-Kira-blog-525x296.jpg\" alt=\"image\">\t\t\t\t\t\t\t\t\t\t\t\t<span class=\"blog-plus\"><\/span>\r\n\t\t\t\t\t\t\t\t\t\t\t<\/a>\r\n\t\t\t\t\t\t\t\t\t\t\t\t<div class=\"meta-features\">\r\n\t\t\t\t\t\t\t\t\t\t\t\t\t\t\t\t\t\t\t\t\t\t\t\t\t\t\t\t<div class=\"post-meta meta-time\">\r\n\t\t\t\t\t\t\t\t\t\t\t\t\t\t\t<span>\r\n\t\t\t\t\t\t\t\t\t\t\t\t\t\t\t\tA\u011fu\t\t\t\t\t\t\t\t\t\t\t\t\t\t\t<\/span>\r\n\t\t\t\t\t\t\t\t\t\t\t\t\t\t<\/div>\r\n\t\t\t\t\t\t\t\t\t\t\t\t\t\t<div class=\"category-post\">\r\n\t\t\t\t\t\t\t\t\t\t\t\t\t\t\t\t\t\t\t\t\t\t\t\t\t\t\t\t\t\t\t<i aria-hidden=\"true\" class=\"icon-dreamhome-folder\"><\/i>\t\t\t\t\t\t\t\t\t\t\t\t\t\t\t\t\t\t\t\t\t\t\t\t\t\t\t\t\t\t<a href=\"https:\/\/akvagrup.com\/gold\/category\/duyuru\/\" rel=\"category tag\">Duyuru<\/a>\t\t\t\t\t\t\t\t\t\t\t\t\t\t<\/div>\r\n\t\t\t\t\t\t\t\t\t\t\t\t<\/div>\r\n\t\t\t\t\t\t\t\t\t\t<\/div>\r\n\t\t\t\t\t\t\t\t\t<div class=\"content\">\r\n\t\t\t\t\t\t\t\t\t\t\t<h3 class=\"title\"><a href=\"https:\/\/akvagrup.com\/gold\/akva-gold-gayrimenkul-bilgilendiriyor\/\"\r\n\t\t\t\t\t\t\t\t\t\t\t\t\ttitle=\"Akva Gold Gayrimenkul bilgilendiriyor!\">Akva Gold Gayrimenkul bilgilendiriyor!<\/a><\/h3>\r\n\t\t\t\t\t\t\t\t\t\t\t\t\t\t\t\t\t\t\t<\/div>\r\n\t\t\t\t\t\t\t\t<\/div>\r\n\t\t\t\t\t\t\t<\/div>\r\n\t\t\t\t\t\t\t\t\t\t\t\t\t<\/div>\r\n\t\t\t\t\t\t<\/div>\n\t\t\t\t<\/div>\n\t\t\t\t\t<\/div>\n\t\t\t\t<\/div>\n\t\t\t\t<\/div>\n\t\t","protected":false},"excerpt":{"rendered":"<p>A\u011fu Duyuru Akva Gold Gayrimenkul ile Sanal Ofis A\u011fu Duyuru Akva Gold Gayrimenkul Hizmete Ba\u015flad\u0131! A\u011fu Duyuru Akva Gold Gayrimenkul Bilgilendiriyor! <a class=\"themesflat-btn-blog\" href=\"https:\/\/akvagrup.com\/gold\/akva-gold-gayrimenkul-bilgilendiriyor\/\">Devam\u0131n\u0131 Oku<\/a><\/p>\n","protected":false},"author":1,"featured_media":0,"parent":0,"menu_order":0,"comment_status":"closed","ping_status":"closed","template":"","meta":{"footnotes":""},"class_list":["post-6632","page","type-page","status-publish","hentry"],"aioseo_notices":[],"_links":{"self":[{"href":"https:\/\/akvagrup.com\/gold\/wp-json\/wp\/v2\/pages\/6632","targetHints":{"allow":["GET"]}}],"collection":[{"href":"https:\/\/akvagrup.com\/gold\/wp-json\/wp\/v2\/pages"}],"about":[{"href":"https:\/\/akvagrup.com\/gold\/wp-json\/wp\/v2\/types\/page"}],"author":[{"embeddable":true,"href":"https:\/\/akvagrup.com\/gold\/wp-json\/wp\/v2\/users\/1"}],"replies":[{"embeddable":true,"href":"https:\/\/akvagrup.com\/gold\/wp-json\/wp\/v2\/comments?post=6632"}],"version-history":[{"count":7,"href":"https:\/\/akvagrup.com\/gold\/wp-json\/wp\/v2\/pages\/6632\/revisions"}],"predecessor-version":[{"id":6640,"href":"https:\/\/akvagrup.com\/gold\/wp-json\/wp\/v2\/pages\/6632\/revisions\/6640"}],"wp:attachment":[{"href":"https:\/\/akvagrup.com\/gold\/wp-json\/wp\/v2\/media?parent=6632"}],"curies":[{"name":"wp","href":"https:\/\/api.w.org\/{rel}","templated":true}]}}