{"id":6621,"date":"2025-08-20T16:25:02","date_gmt":"2025-08-20T13:25:02","guid":{"rendered":"https:\/\/akvagrup.com\/gold\/?page_id=6621"},"modified":"2025-08-25T15:30:03","modified_gmt":"2025-08-25T12:30:03","slug":"kullanim-kosullari","status":"publish","type":"page","link":"https:\/\/akvagrup.com\/gold\/kullanim-kosullari\/","title":{"rendered":"Kullan\u0131m Ko\u015fullar\u0131"},"content":{"rendered":"\n<p><a href=\"http:\/\/www.akvagrup.com\/gold\/\">www.akvagrup.com\/gold<\/a>&nbsp;internet sitesi&nbsp;<strong>Akva Gold Gayrimenkul A.\u015e.\u2018ye (Akva Gold)<\/strong>&nbsp;ait olup, yine onun taraf\u0131ndan i\u015fletilmektedir. Bu siteyi kullanmaya ba\u015flad\u0131\u011f\u0131n\u0131z andan itibaren a\u015fa\u011f\u0131da yaz\u0131l\u0131 t\u00fcm hususlar\u0131 tamamen anlam\u0131\u015f ve kabul etmi\u015f say\u0131l\u0131rs\u0131n\u0131z:<\/p>\n\n\n\n<p><a href=\"http:\/\/www.akvagrup.com\/gold\/\">www.akvagrup.com\/gold<\/a>\u00a0internet sitesindeki t\u00fcm dok\u00fcmanlar\u00a0<strong>Akva Gold Gayrimenkul A.\u015e.\u2018nin<\/strong>\u00a0m\u00fclkiyetindedir. Kod ve yaz\u0131l\u0131m da dahil olmak \u00fczere, bu sitedeki hi\u00e7 bir malzemeyi de\u011fi\u015ftiremez, kopyalayamaz, \u00e7o\u011faltamaz, kiralayamaz, yeniden yay\u0131mlayamaz, ba\u015fka bir bilgisayara y\u00fckleyemez, postalayamaz, iletemez ya da da\u011f\u0131tamazs\u0131n\u0131z. Yukar\u0131da belirtilenden ba\u011f\u0131ms\u0131z olarak, sitenin sayfalar\u0131n\u0131n yaz\u0131c\u0131 \u00e7\u0131kt\u0131s\u0131n\u0131 ki\u015fisel kullan\u0131m\u0131n\u0131z i\u00e7in alabilirsiniz.<\/p>\n\n\n\n<p><a href=\"http:\/\/www.akvagrup.com\/gold\/\">www.akvagrup.com\/gold<\/a>\u00a0web sitesinin vir\u00fcs ve benzeri ama\u00e7l\u0131 yaz\u0131l\u0131mlardan ar\u0131nd\u0131r\u0131lm\u0131\u015f olmas\u0131 i\u00e7in mevcut imkanlar dahilinde tedbir al\u0131nm\u0131\u015f olmakla birlikte, nihai g\u00fcvenli\u011fin sa\u011flanmas\u0131 i\u00e7in kullan\u0131c\u0131, kendi vir\u00fcs koruma sistemini tedarik etmek ve gerekli korumay\u0131 sa\u011flamakla y\u00fck\u00fcml\u00fcd\u00fcr. Bu \u00e7er\u00e7evede kullan\u0131c\u0131,\u00a0<a href=\"http:\/\/www.akvagrup.com\/gold\/\">www.akvagrup.com\/gold<\/a>\u00a0web sitesine girmesi nedeniyle, kendi yaz\u0131l\u0131m ve i\u015fletim sistemlerinde olu\u015fabilecek t\u00fcm hata ve bunlar\u0131n do\u011frudan ya da dolayl\u0131 sonu\u00e7lar\u0131ndan kendisinin sorumlu oldu\u011funu kabul eder.<\/p>\n\n\n\n<p>\u0130leride s\u00f6z konusu \u015fartlar\u0131 okumam\u0131\u015f veya okumu\u015f olup ta bunlara uygun davranmam\u0131\u015f olman\u0131zdan kaynaklanabilecek olan her t\u00fcrl\u00fc maddi ve manevi zarara ili\u015fkin talebinizden\u00a0<strong>Akva Gold\u2018un<\/strong>\u00a0ve\/veya\u00a0<a href=\"http:\/\/www.akvagrup.com\/gold\/\">www.akvagrup.com\/gold<\/a>\u00a0web sitesinin, bu sitedeki her t\u00fcrl\u00fc i\u00e7eri\u011fin haz\u0131rlay\u0131c\u0131lar\u0131n\u0131n, \u00e7al\u0131\u015fanlar\u0131n\u0131n,\u00a0<strong>Akva Gold\u2018un<\/strong>\u00a0yetkilendirdikleri ki\u015fi ve kurulu\u015flar\u0131n hi\u00e7bir hukuki ve cezai sorumlulu\u011fu bulunmamaktad\u0131r.<\/p>\n\n\n\n<p>\u015eu kadar ki;\u00a0<a href=\"http:\/\/www.akvagrup.com\/gold\/\">www.akvagrup.com\/gold<\/a>\u00a0web sitesini ziyaret edenlerin, reklam ve sponsorluk veren \u015firketlerin, web sitesinde yay\u0131nlam\u0131\u015f olabilecekleri yaz\u0131, bilgi, yorum, haber, g\u00f6r\u00fcnt\u00fc,\u00a0<strong>Akva Gold<\/strong>\u00a0logosunun, ana sayfa ile alt b\u00f6l\u00fcm ba\u011flant\u0131lar\u0131n\u0131n\u00a0<a href=\"http:\/\/www.akvagrup.com\/gold\/\">www.akvagrup.com\/gold<\/a>\u00a0d\u0131\u015f\u0131 web sitelerinde kullan\u0131m\u0131, hizmetlerinin ve kullan\u0131c\u0131lar taraf\u0131ndan\u00a0<strong>Akva Gold<\/strong>\u00a0sunucular\u0131na y\u00fcklenip yay\u0131nlanan her t\u00fcrl\u00fc i\u00e7eri\u011fin kullan\u0131m\u0131 suretiyle edinilen bilgiler de dahil ve fakat bu say\u0131lan ki\u015filer ya da yay\u0131nlarla s\u0131n\u0131rl\u0131 olmaks\u0131z\u0131n, internette yeterli g\u00fcvenlik \u00f6nlemleri olmas\u0131na ra\u011fmen dola\u015f\u0131labilir ve yetkili olmayan ki\u015filerce bilgilere eri\u015filebilir olan genel yap\u0131s\u0131 gere\u011fi sorumluluk ve yetkisinde olmayan herhangi bir i\u00e7erikten,\u00a0<strong>Akva Gold\u2018un<\/strong>\u00a0hukuki, cezai ve\/veya \u015fahsi hi\u00e7bir sorumlulu\u011fu bulunmamakta olup, i\u015fbu web sitesi ziyaret\u00e7ileri bu hususu bu siteye girdikleri andan itibaren kabul ve beyan ederler.<\/p>\n\n\n\n<p><strong>Akva Gold<\/strong>, i\u015fbu h\u00fck\u00fcm ve \u015fartlar\u0131 diledi\u011fi zaman \u00f6nceden haber vermek zorunda olmaks\u0131z\u0131n tek tarafl\u0131 olarak de\u011fi\u015ftirme ve g\u00fcncelleme hakk\u0131na haizdir. De\u011fi\u015ftirilen, yenilenen ya da y\u00fcr\u00fcrl\u00fckten kald\u0131r\u0131lan her h\u00fck\u00fcm, yay\u0131n tarihinde t\u00fcm kullan\u0131c\u0131lar bak\u0131m\u0131ndan h\u00fck\u00fcm ifade edecektir.<\/p>\n\n\n\n<p><a href=\"http:\/\/www.akvagrup.com\/gold\/\">www.akvagrup.com\/gold<\/a>&nbsp;web sitesinde yer alan her t\u00fcrl\u00fc bilgi, istatistiki \u015fekil ve de\u011fer, g\u00fcvenilirli\u011fi genel team\u00fcller \u00e7er\u00e7evesinde kabul edilen kaynaklardan elde edilerek derlenmi\u015f olup, do\u011fruluklar\u0131 ve yeterlilikleri kullan\u0131c\u0131lar\u0131n ihtiya\u00e7lar\u0131n\u0131 kar\u015f\u0131layaca\u011f\u0131, s\u00fcresinde g\u00fcvenilir ve hatas\u0131z olaca\u011f\u0131 hi\u00e7 bir \u015fekilde&nbsp;<strong>Akva Gold<\/strong>&nbsp;taraf\u0131ndan garanti edilmemektedir.<\/p>\n\n\n\n<p><a href=\"http:\/\/www.akvagrup.com\/gold\/\">www.akvagrup.com\/gold<\/a>&nbsp;web sitesinde veya bu siteden ba\u011flant\u0131 yap\u0131larak ula\u015f\u0131lan herhangi bir web sitesinde yer alan bilgi, de\u011ferlendirme, yorum ve istatistiki \u015fekil ve de\u011ferlerin kullan\u0131m\u0131 sonucunda do\u011fabilecek do\u011frudan veya dolayl\u0131 maddi ve\/veya manevi menfi ve\/veya m\u00fcsbet zararlardan ve olas\u0131 sair zarar ve masraflardan dolay\u0131&nbsp;<strong>Akva Gold\u2018un<\/strong>&nbsp;hi\u00e7 bir \u015fahsi, hukuki ve cezai sorumlulu\u011fu mevcut de\u011fildir.<\/p>\n\n\n\n<p>Yay\u0131nlanan i\u00e7eri\u011fin kesintisinden, gecikmesinden veya hatal\u0131 olmas\u0131ndan ve bunlar\u0131n yol a\u00e7abilece\u011fi zararlardan dolay\u0131&nbsp;<strong>Akva Gold<\/strong>&nbsp;hi\u00e7 bir \u015fekilde sorumlu de\u011fildir.<\/p>\n\n\n\n<p>Bu yay\u0131n,&nbsp;<strong>Akva Gold\u2018un<\/strong>&nbsp;izni olmadan kopyalanamaz, da\u011f\u0131t\u0131lamaz, ticari bir ama\u00e7la kaynak g\u00f6sterilmek suretiyle veya kaynak g\u00f6sterilmeksizin kullan\u0131lamaz ve hi\u00e7bir format alt\u0131nda bilgisayar sistemlerine aktar\u0131lamaz.<\/p>\n\n\n\n<p><a href=\"http:\/\/www.akvagrup.com\/gold\/\">www.akvagrup.com\/gold<\/a>&nbsp;web sitesine girmekle site ziyaret\u00e7ileri yukar\u0131daki uyar\u0131 ve beyanlar\u0131 okumu\u015f ve kabul etmi\u015f addedilecektir. Bu hususta herhangi bir anla\u015fmazl\u0131k, iddia ve talep oldu\u011fu takdirde, i\u015fbu web sayfas\u0131nda yaz\u0131l\u0131 bulunan bu ibarelerin ve&nbsp;<strong>Akva Gold\u2018a<\/strong>&nbsp;ait di\u011fer t\u00fcm bilgisayar kay\u0131tlar\u0131n\u0131n tek ve ger\u00e7ek m\u00fcnhas\u0131r delil olarak HUMK Madde 287\u2019ye uygun olarak \u0130stanbul Mahkemeleri ve \u0130cra ve \u0130flas Dairelerinin yetkisine sunulaca\u011f\u0131&nbsp;<strong>Akva Gold<\/strong>&nbsp;taraf\u0131ndan beyan ve i\u015fbu&nbsp;<a href=\"http:\/\/www.akvagrup.com\/gold\/\">www.akvagrup.com\/gold<\/a>&nbsp;web sitesine giren ki\u015fi(ler), kurulu\u015f(lar) taraf\u0131ndan kabul ve taahh\u00fct edilir.<\/p>\n","protected":false},"excerpt":{"rendered":"<p>www.akvagrup.com\/gold&nbsp;internet sitesi&nbsp;Akva Gold Gayrimenkul A.\u015e.\u2018ye (Akva Gold)&nbsp;ait olup, yine onun taraf\u0131ndan i\u015fletilmektedir. Bu siteyi kullanmaya ba\u015flad\u0131\u011f\u0131n\u0131z andan itibaren a\u015fa\u011f\u0131da yaz\u0131l\u0131 t\u00fcm hususlar\u0131 tamamen anlam\u0131\u015f ve\u2026 <a class=\"themesflat-btn-blog\" href=\"https:\/\/akvagrup.com\/gold\/kullanim-kosullari\/\">Devam\u0131n\u0131 Oku<\/a><\/p>\n","protected":false},"author":1,"featured_media":0,"parent":0,"menu_order":0,"comment_status":"closed","ping_status":"closed","template":"","meta":{"footnotes":""},"class_list":["post-6621","page","type-page","status-publish","hentry"],"aioseo_notices":[],"_links":{"self":[{"href":"https:\/\/akvagrup.com\/gold\/wp-json\/wp\/v2\/pages\/6621","targetHints":{"allow":["GET"]}}],"collection":[{"href":"https:\/\/akvagrup.com\/gold\/wp-json\/wp\/v2\/pages"}],"about":[{"href":"https:\/\/akvagrup.com\/gold\/wp-json\/wp\/v2\/types\/page"}],"author":[{"embeddable":true,"href":"https:\/\/akvagrup.com\/gold\/wp-json\/wp\/v2\/users\/1"}],"replies":[{"embeddable":true,"href":"https:\/\/akvagrup.com\/gold\/wp-json\/wp\/v2\/comments?post=6621"}],"version-history":[{"count":4,"href":"https:\/\/akvagrup.com\/gold\/wp-json\/wp\/v2\/pages\/6621\/revisions"}],"predecessor-version":[{"id":6818,"href":"https:\/\/akvagrup.com\/gold\/wp-json\/wp\/v2\/pages\/6621\/revisions\/6818"}],"wp:attachment":[{"href":"https:\/\/akvagrup.com\/gold\/wp-json\/wp\/v2\/media?parent=6621"}],"curies":[{"name":"wp","href":"https:\/\/api.w.org\/{rel}","templated":true}]}}